{"id":19,"date":"2017-01-17T22:03:32","date_gmt":"2017-01-18T00:03:32","guid":{"rendered":"http:\/\/www.rsys.com.br\/site\/\/?page_id=19"},"modified":"2023-10-30T09:08:14","modified_gmt":"2023-10-30T12:08:14","slug":"home","status":"publish","type":"page","link":"https:\/\/www.rsys.com.br\/site\/","title":{"rendered":"Home"},"content":{"rendered":"<div id=\"pl-19\"  class=\"panel-layout\" ><div id=\"pg-19-0\"  class=\"panel-grid panel-no-style\" ><div id=\"pgc-19-0-0\"  class=\"panel-grid-cell\" ><div id=\"panel-19-0-0-0\" class=\"so-panel widget widget_text panel-first-child panel-last-child\" data-index=\"0\" ><div class=\"panel-widget-style panel-widget-style-for-19-0-0-0\" >\t\t\t<div class=\"textwidget\"><\/p> \n<h3 class=\"widget-title\"> Prezados clientes, para a abertura de novos chamados para o suporte, <a href=\"http:\/\/server.rsys.com.br:86\/scriptcase\/app\/Chamados\/CoCha001_Atendimento_v1\/CoCha001_Atendimento_v1.php\"> Clique aqui <\/a><\/h3>\n\n<\/div>\n\t\t<\/div><\/div><\/div><\/div><div id=\"pg-19-1\"  class=\"panel-grid panel-has-style\" ><div class=\"mainslider siteorigin-panels-stretch panel-row-style panel-row-style-for-19-1\" data-stretch-type=\"full-stretched\" ><div id=\"pgc-19-1-0\"  class=\"panel-grid-cell\" ><div id=\"panel-19-1-0-0\" class=\"so-panel widget widget_text panel-first-child panel-last-child\" data-index=\"1\" >\t\t\t<div class=\"textwidget\"><div id=\"metaslider-id-33\" style=\"max-width: 1920px;\" class=\"ml-slider-3-28-3 metaslider metaslider-responsive metaslider-33 ml-slider\">\n    <div id=\"metaslider_container_33\">\n        <ul id='metaslider_33' class='rslides'>\n            <li><a href=\"http:\/\/www.rsys.com.br\/site\/?page_id=79\" target=\"_self\" rel=\"noopener\"><img src=\"https:\/\/www.rsys.com.br\/site\/wp-content\/uploads\/2017\/04\/banner1920_01-1.jpg\" height=\"709\" width=\"1920\" alt=\"\" class=\"slider-33 slide-40\" \/><\/a><\/li>\n            <li style='display: none;'><a href=\"http:\/\/www.rsys.com.br\/site\/?page_id=79\" target=\"_self\" rel=\"noopener\"><img src=\"https:\/\/www.rsys.com.br\/site\/wp-content\/uploads\/2017\/04\/banner1920_02-1.jpg\" height=\"709\" width=\"1920\" alt=\"\" class=\"slider-33 slide-41\" \/><\/a><\/li>\n        <\/ul>\n        \n    <\/div>\n<\/div>\n<\/div>\n\t\t<\/div><\/div><\/div><\/div><div id=\"pg-19-2\"  class=\"panel-grid panel-has-style\" ><div class=\"iconsx siteorigin-panels-stretch panel-row-style panel-row-style-for-19-2\" id=\"solucoes\" data-stretch-type=\"full\" ><div id=\"pgc-19-2-0\"  class=\"panel-grid-cell\" ><div id=\"panel-19-2-0-0\" class=\"so-panel widget widget_sow-image panel-first-child\" data-index=\"2\" ><div class=\"ico01 panel-widget-style panel-widget-style-for-19-2-0-0\" ><div\n\t\t\t\n\t\t\tclass=\"so-widget-sow-image so-widget-sow-image-default-17bc2272b535-19\"\n\t\t\t\n\t\t>\n\n<div class=\"sow-image-container\">\n\t\t<img src=\"https:\/\/www.rsys.com.br\/site\/wp-content\/uploads\/2017\/04\/ico-1.png\" width=\"73\" height=\"75\" sizes=\"(max-width: 73px) 100vw, 73px\" title=\"Sistema completo para  lojas de autope\u00e7as\" alt=\"\" loading=\"lazy\" \t\tclass=\"so-widget-image\"\/>\n\t<\/div>\n\n<h3 class=\"widget-title\">Sistema completo para  lojas de autope\u00e7as<\/h3><\/div><\/div><\/div><div id=\"panel-19-2-0-1\" class=\"so-panel widget widget_text panel-last-child\" data-index=\"3\" >\t\t\t<div class=\"textwidget\">O sistema RSYS permite controlar, de forma centralizada, todas as opera\u00e7\u00f5es, processos e informa\u00e7\u00f5es. Praticidade, rapidez e efici\u00eancia para seu neg\u00f3cio.\n<a href=\"http:\/\/www.rsys.com.br\/site\/?page_id=79\">FALE CONOSCO<\/a>\n<\/div>\n\t\t<\/div><\/div><div id=\"pgc-19-2-1\"  class=\"panel-grid-cell\" ><div id=\"panel-19-2-1-0\" class=\"so-panel widget widget_sow-image panel-first-child\" data-index=\"4\" ><div class=\"ico02 panel-widget-style panel-widget-style-for-19-2-1-0\" ><div\n\t\t\t\n\t\t\tclass=\"so-widget-sow-image so-widget-sow-image-default-17bc2272b535-19\"\n\t\t\t\n\t\t>\n\n<div class=\"sow-image-container\">\n\t\t<img src=\"https:\/\/www.rsys.com.br\/site\/wp-content\/uploads\/2017\/04\/ico-2.png\" width=\"73\" height=\"75\" sizes=\"(max-width: 73px) 100vw, 73px\" title=\"Seguran\u00e7a na tomada de decis\u00f5es\" alt=\"\" loading=\"lazy\" \t\tclass=\"so-widget-image\"\/>\n\t<\/div>\n\n<h3 class=\"widget-title\">Seguran\u00e7a na tomada de decis\u00f5es<\/h3><\/div><\/div><\/div><div id=\"panel-19-2-1-1\" class=\"so-panel widget widget_text panel-last-child\" data-index=\"5\" >\t\t\t<div class=\"textwidget\">Tenha em m\u00e3os dados \u00fateis e confi\u00e1veis para tomar decis\u00f5es, com uma base s\u00f3lida. O ERP para loja de autope\u00e7as da Ribeir\u00e3o System oferece in\u00fameras consultas e relat\u00f3rios, sempre atualizados e preparados para auxiliar no crescimento e sucesso das vendas.\n\n<a href=\"http:\/\/www.rsys.com.br\/site\/?page_id=79\">FALE CONOSCO<\/a><\/div>\n\t\t<\/div><\/div><div id=\"pgc-19-2-2\"  class=\"panel-grid-cell\" ><div id=\"panel-19-2-2-0\" class=\"so-panel widget widget_sow-image panel-first-child\" data-index=\"6\" ><div class=\"ico03 panel-widget-style panel-widget-style-for-19-2-2-0\" ><div\n\t\t\t\n\t\t\tclass=\"so-widget-sow-image so-widget-sow-image-default-17bc2272b535-19\"\n\t\t\t\n\t\t>\n\n<div class=\"sow-image-container\">\n\t\t<img src=\"https:\/\/www.rsys.com.br\/site\/wp-content\/uploads\/2017\/04\/ico-3.png\" width=\"73\" height=\"75\" sizes=\"(max-width: 73px) 100vw, 73px\" title=\"EQUIPE DE SUPORTE ESPECIALIZADA\" alt=\"\" loading=\"lazy\" \t\tclass=\"so-widget-image\"\/>\n\t<\/div>\n\n<h3 class=\"widget-title\">EQUIPE DE SUPORTE ESPECIALIZADA<\/h3><\/div><\/div><\/div><div id=\"panel-19-2-2-1\" class=\"so-panel widget widget_text panel-last-child\" data-index=\"7\" >\t\t\t<div class=\"textwidget\">Contamos com uma equipe de suporte para tirar d\u00favidas e resolver poss\u00edveis problemas que impe\u00e7am sua empresa de avan\u00e7ar.\n<a href=\"http:\/\/www.rsys.com.br\/site\/?page_id=79\">FALE CONOSCO<\/a><\/div>\n\t\t<\/div><\/div><\/div><\/div><div id=\"pg-19-3\"  class=\"panel-grid panel-has-style\" ><div class=\"venda so-parallax siteorigin-panels-stretch panel-row-style panel-row-style-for-19-3\" id=\"servicos\" data-stretch-type=\"full\" ><img width=\"1920\" height=\"757\" src=\"https:\/\/www.rsys.com.br\/site\/wp-content\/uploads\/2017\/04\/bg-w.jpg\" class=\"attachment-full size-full\" alt=\"\" decoding=\"async\" loading=\"eager\" data-siteorigin-parallax=\"true\" srcset=\"https:\/\/www.rsys.com.br\/site\/wp-content\/uploads\/2017\/04\/bg-w.jpg 1920w, https:\/\/www.rsys.com.br\/site\/wp-content\/uploads\/2017\/04\/bg-w-300x118.jpg 300w, https:\/\/www.rsys.com.br\/site\/wp-content\/uploads\/2017\/04\/bg-w-768x303.jpg 768w, https:\/\/www.rsys.com.br\/site\/wp-content\/uploads\/2017\/04\/bg-w-1024x404.jpg 1024w, https:\/\/www.rsys.com.br\/site\/wp-content\/uploads\/2017\/04\/bg-w-830x327.jpg 830w, https:\/\/www.rsys.com.br\/site\/wp-content\/uploads\/2017\/04\/bg-w-230x91.jpg 230w, https:\/\/www.rsys.com.br\/site\/wp-content\/uploads\/2017\/04\/bg-w-350x138.jpg 350w, https:\/\/www.rsys.com.br\/site\/wp-content\/uploads\/2017\/04\/bg-w-480x189.jpg 480w\" sizes=\"(max-width: 1920px) 100vw, 1920px\" \/><div id=\"pgc-19-3-0\"  class=\"panel-grid-cell\" ><div id=\"panel-19-3-0-0\" class=\"so-panel widget widget_siteorigin-panels-builder panel-first-child panel-last-child\" data-index=\"8\" ><div id=\"pl-w65247d18bf1a1\"  class=\"panel-layout\" ><div id=\"pg-w65247d18bf1a1-0\"  class=\"panel-grid panel-has-style\" ><div class=\"subvenda1 letito panel-row-style panel-row-style-for-w65247d18bf1a1-0\" ><div id=\"pgc-w65247d18bf1a1-0-0\"  class=\"panel-grid-cell\" ><div id=\"panel-w65247d18bf1a1-0-0-0\" class=\"so-panel widget widget_text panel-first-child panel-last-child\" data-index=\"0\" ><h3 class=\"widget-title\">AGILIDADE E RAPIDEZ NA VENDA DE PRODUTOS<\/h3>\t\t\t<div class=\"textwidget\"><\/div>\n\t\t<\/div><\/div><\/div><\/div><div id=\"pg-w65247d18bf1a1-1\"  class=\"panel-grid panel-has-style\" ><div class=\"panel-row-style panel-row-style-for-w65247d18bf1a1-1\" ><div id=\"pgc-w65247d18bf1a1-1-0\"  class=\"panel-grid-cell\" ><div id=\"panel-w65247d18bf1a1-1-0-0\" class=\"so-panel widget widget_text panel-first-child panel-last-child\" data-index=\"1\" ><div class=\"subvenda02 panel-widget-style panel-widget-style-for-w65247d18bf1a1-1-0-0\" >\t\t\t<div class=\"textwidget\"><p>A opera\u00e7\u00e3o com ERP \u00e9 simples, eficiente e inteligente, para que assim, a venda e atendimento da sua equipe seja feita de maneira \u00e1gil. Em poucos cliques o vendedor tem acesso \u00e0 todas informa\u00e7\u00f5es necess\u00e1rias para venda. <\/p>\n<\/div>\n\t\t<\/div><\/div><\/div><div id=\"pgc-w65247d18bf1a1-1-1\"  class=\"panel-grid-cell\" ><div id=\"panel-w65247d18bf1a1-1-1-0\" class=\"so-panel widget widget_text panel-first-child panel-last-child\" data-index=\"2\" ><div class=\"subvenda03 panel-widget-style panel-widget-style-for-w65247d18bf1a1-1-1-0\" >\t\t\t<div class=\"textwidget\"><p><img src=\"http:\/\/www.rsys.com.br\/site\/wp-content\/uploads\/2017\/04\/larow.png\"><\/p>\n<\/div>\n\t\t<\/div><\/div><\/div><div id=\"pgc-w65247d18bf1a1-1-2\"  class=\"panel-grid-cell\" ><div id=\"panel-w65247d18bf1a1-1-2-0\" class=\"so-panel widget widget_text panel-first-child panel-last-child\" data-index=\"3\" ><div class=\"subvenda04 panel-widget-style panel-widget-style-for-w65247d18bf1a1-1-2-0\" >\t\t\t<div class=\"textwidget\"><p>Com o sistema RSYS \u00e9 poss\u00edvel:<\/p>\n<ul>\n<li>Fazer a venda de balc\u00e3o e televendas<\/li>\n<li>Fazer e consultar pedidos, cota\u00e7\u00f5es e   pend\u00eancias de vendas<\/li>\n<li> Lan\u00e7ar as vendas perdidas<\/li>\n<li>Requisi\u00e7\u00f5es de pe\u00e7as para oficina<\/li>\n<li>Liberar e bloquear pedidos por margem de lucro ou situa\u00e7\u00e3o de cr\u00e9dito<\/li>\n<\/ul>\n<\/div>\n\t\t<\/div><\/div><\/div><\/div><\/div><\/div><\/div><\/div><\/div><\/div><div id=\"pg-19-4\"  class=\"panel-grid panel-has-style\" ><div class=\"control panel-row-style panel-row-style-for-19-4\" ><div id=\"pgc-19-4-0\"  class=\"panel-grid-cell\" ><div id=\"panel-19-4-0-0\" class=\"so-panel widget widget_siteorigin-panels-builder panel-first-child panel-last-child\" data-index=\"9\" ><div id=\"pl-w5e752d4136407\"  class=\"panel-layout\" ><div id=\"pg-w5e752d4136407-0\"  class=\"panel-grid panel-has-style\" ><div class=\"subcontrol1 letito panel-row-style panel-row-style-for-w5e752d4136407-0\" ><div id=\"pgc-w5e752d4136407-0-0\"  class=\"panel-grid-cell\" ><div id=\"panel-w5e752d4136407-0-0-0\" class=\"so-panel widget widget_text panel-first-child panel-last-child\" data-index=\"0\" ><h3 class=\"widget-title\">Controle financeiro para o seu neg\u00f3cio<\/h3>\t\t\t<div class=\"textwidget\"><\/div>\n\t\t<\/div><\/div><\/div><\/div><div id=\"pg-w5e752d4136407-1\"  class=\"panel-grid panel-has-style\" ><div class=\"panel-row-style panel-row-style-for-w5e752d4136407-1\" ><div id=\"pgc-w5e752d4136407-1-0\"  class=\"panel-grid-cell\" ><div id=\"panel-w5e752d4136407-1-0-0\" class=\"so-panel widget widget_sow-image panel-first-child panel-last-child\" data-index=\"1\" ><div class=\"subcontrol2 panel-widget-style panel-widget-style-for-w5e752d4136407-1-0-0\" ><div\n\t\t\t\n\t\t\tclass=\"so-widget-sow-image so-widget-sow-image-default-d6014b76747a\"\n\t\t\t\n\t\t>\n\n<div class=\"sow-image-container\">\n\t\t<img src=\"https:\/\/www.rsys.com.br\/site\/wp-content\/uploads\/2017\/04\/img_pc.jpg\" width=\"457\" height=\"490\" srcset=\"https:\/\/www.rsys.com.br\/site\/wp-content\/uploads\/2017\/04\/img_pc.jpg 457w, https:\/\/www.rsys.com.br\/site\/wp-content\/uploads\/2017\/04\/img_pc-280x300.jpg 280w, https:\/\/www.rsys.com.br\/site\/wp-content\/uploads\/2017\/04\/img_pc-230x247.jpg 230w, https:\/\/www.rsys.com.br\/site\/wp-content\/uploads\/2017\/04\/img_pc-350x375.jpg 350w\" sizes=\"(max-width: 457px) 100vw, 457px\" alt=\"\" loading=\"lazy\" \t\tclass=\"so-widget-image\"\/>\n\t<\/div>\n\n<\/div><\/div><\/div><\/div><div id=\"pgc-w5e752d4136407-1-1\"  class=\"panel-grid-cell\" ><div id=\"panel-w5e752d4136407-1-1-0\" class=\"so-panel widget widget_text panel-first-child panel-last-child\" data-index=\"2\" ><div class=\"subcontrol3 panel-widget-style panel-widget-style-for-w5e752d4136407-1-1-0\" >\t\t\t<div class=\"textwidget\"><p>Al\u00e9m do controle de vendas e estoque \u00e9 poss\u00edvel acompanhar toda a parte financeira do seu neg\u00f3cio, o ERP da Ribeir\u00e3o System permite total controle financeiro de sua empresa.<\/p>\n<p><strong>O sistema RSYS permite:<\/strong><\/p>\n<ul>\n<li>Acompanhar o fluxo de caixa<\/li>\n<li>Emitir o DRE com todas as receitas e despesas<\/li>\n<li>Controle de caixa, cart\u00f5es, cheques, cheques pr\u00e9-datados e contas banc\u00e1rias<\/li>\n<li>Concilia\u00e7\u00e3o banc\u00e1ria<\/li>\n<li>Balancete<\/li>\n<li>Cobran\u00e7a banc\u00e1ria integrada com qualquer banco<\/li>\n<\/ul>\n<\/div>\n\t\t<\/div><\/div><\/div><\/div><\/div><\/div><\/div><\/div><\/div><\/div><div id=\"pg-19-5\"  class=\"panel-grid panel-has-style\" ><div class=\"estoque so-parallax siteorigin-panels-stretch panel-row-style panel-row-style-for-19-5\" data-stretch-type=\"full\" ><img width=\"1920\" height=\"597\" src=\"https:\/\/www.rsys.com.br\/site\/wp-content\/uploads\/2017\/04\/bgbx.jpg\" class=\"attachment-full size-full\" alt=\"\" decoding=\"async\" loading=\"eager\" data-siteorigin-parallax=\"true\" srcset=\"https:\/\/www.rsys.com.br\/site\/wp-content\/uploads\/2017\/04\/bgbx.jpg 1920w, https:\/\/www.rsys.com.br\/site\/wp-content\/uploads\/2017\/04\/bgbx-300x93.jpg 300w, https:\/\/www.rsys.com.br\/site\/wp-content\/uploads\/2017\/04\/bgbx-768x239.jpg 768w, https:\/\/www.rsys.com.br\/site\/wp-content\/uploads\/2017\/04\/bgbx-1024x318.jpg 1024w, https:\/\/www.rsys.com.br\/site\/wp-content\/uploads\/2017\/04\/bgbx-830x258.jpg 830w, https:\/\/www.rsys.com.br\/site\/wp-content\/uploads\/2017\/04\/bgbx-230x72.jpg 230w, https:\/\/www.rsys.com.br\/site\/wp-content\/uploads\/2017\/04\/bgbx-350x109.jpg 350w, https:\/\/www.rsys.com.br\/site\/wp-content\/uploads\/2017\/04\/bgbx-480x149.jpg 480w\" sizes=\"(max-width: 1920px) 100vw, 1920px\" \/><div id=\"pgc-19-5-0\"  class=\"panel-grid-cell\" ><div id=\"panel-19-5-0-0\" class=\"so-panel widget widget_siteorigin-panels-builder panel-first-child panel-last-child\" data-index=\"10\" ><div id=\"pl-w5e752d413640d\"  class=\"panel-layout\" ><div id=\"pg-w5e752d413640d-0\"  class=\"panel-grid panel-has-style\" ><div class=\"letito legrin panel-row-style panel-row-style-for-w5e752d413640d-0\" ><div id=\"pgc-w5e752d413640d-0-0\"  class=\"panel-grid-cell\" ><div id=\"panel-w5e752d413640d-0-0-0\" class=\"so-panel widget widget_text panel-first-child panel-last-child\" data-index=\"0\" ><div class=\"estoque1 panel-widget-style panel-widget-style-for-w5e752d413640d-0-0-0\" ><h3 class=\"widget-title\">Gerenciamento de Estoque Eficiente<\/h3>\t\t\t<div class=\"textwidget\"><\/div>\n\t\t<\/div><\/div><\/div><\/div><\/div><div id=\"pg-w5e752d413640d-1\"  class=\"panel-grid panel-has-style\" ><div class=\"leconheca panel-row-style panel-row-style-for-w5e752d413640d-1\" ><div id=\"pgc-w5e752d413640d-1-0\"  class=\"panel-grid-cell\" ><div id=\"panel-w5e752d413640d-1-0-0\" class=\"so-panel widget widget_text panel-first-child panel-last-child\" data-index=\"1\" ><div class=\"estoque2 text-center panel-widget-style panel-widget-style-for-w5e752d413640d-1-0-0\" ><h3 class=\"widget-title\">Sugest\u00e3o, cota\u00e7\u00e3o e pedido de compra<\/h3>\t\t\t<div class=\"textwidget\"><p>Controle o seu estoque, saiba o status das mercadorias, quantidades e valores das compras e vendas de um modo simples e intuitivo. Utilize tamb\u00e9m para comprar e consequentemente aumentar seus lucros.<\/p>\n<\/div>\n\t\t<\/div><\/div><\/div><\/div><\/div><\/div><\/div><\/div><\/div><\/div><div id=\"pg-19-6\"  class=\"panel-grid panel-has-style\" ><div class=\"solicite so-parallax siteorigin-panels-stretch panel-row-style panel-row-style-for-19-6\" data-stretch-type=\"full\" ><img width=\"1920\" height=\"834\" src=\"https:\/\/www.rsys.com.br\/site\/wp-content\/uploads\/2017\/04\/bgblu.jpg\" class=\"attachment-full size-full\" alt=\"\" decoding=\"async\" loading=\"eager\" data-siteorigin-parallax=\"true\" srcset=\"https:\/\/www.rsys.com.br\/site\/wp-content\/uploads\/2017\/04\/bgblu.jpg 1920w, https:\/\/www.rsys.com.br\/site\/wp-content\/uploads\/2017\/04\/bgblu-300x130.jpg 300w, https:\/\/www.rsys.com.br\/site\/wp-content\/uploads\/2017\/04\/bgblu-768x334.jpg 768w, https:\/\/www.rsys.com.br\/site\/wp-content\/uploads\/2017\/04\/bgblu-1024x445.jpg 1024w, https:\/\/www.rsys.com.br\/site\/wp-content\/uploads\/2017\/04\/bgblu-830x361.jpg 830w, https:\/\/www.rsys.com.br\/site\/wp-content\/uploads\/2017\/04\/bgblu-230x100.jpg 230w, https:\/\/www.rsys.com.br\/site\/wp-content\/uploads\/2017\/04\/bgblu-350x152.jpg 350w, https:\/\/www.rsys.com.br\/site\/wp-content\/uploads\/2017\/04\/bgblu-480x209.jpg 480w\" sizes=\"(max-width: 1920px) 100vw, 1920px\" \/><div id=\"pgc-19-6-0\"  class=\"panel-grid-cell\" ><div id=\"panel-19-6-0-0\" class=\"so-panel widget widget_siteorigin-panels-builder panel-first-child panel-last-child\" data-index=\"11\" ><div id=\"pl-w65247d18bfb48\"  class=\"panel-layout\" ><div id=\"pg-w65247d18bfb48-0\"  class=\"panel-grid panel-has-style\" ><div class=\"letito leuai panel-row-style panel-row-style-for-w65247d18bfb48-0\" ><div id=\"pgc-w65247d18bfb48-0-0\"  class=\"panel-grid-cell\" ><div id=\"panel-w65247d18bfb48-0-0-0\" class=\"so-panel widget widget_text panel-first-child panel-last-child\" data-index=\"0\" ><h3 class=\"widget-title\">SEJA UM SUCESSO EM VENDAS E ATENDIMENTO<\/h3>\t\t\t<div class=\"textwidget\"><\/div>\n\t\t<\/div><\/div><\/div><\/div><div id=\"pg-w65247d18bfb48-1\"  class=\"panel-grid panel-has-style\" ><div class=\"leconheca panel-row-style panel-row-style-for-w65247d18bfb48-1\" ><div id=\"pgc-w65247d18bfb48-1-0\"  class=\"panel-grid-cell\" ><div id=\"panel-w65247d18bfb48-1-0-0\" class=\"so-panel widget widget_text panel-first-child panel-last-child\" data-index=\"1\" ><div class=\"leuai text-center panel-widget-style panel-widget-style-for-w65247d18bfb48-1-0-0\" >\t\t\t<div class=\"textwidget\"><p>Utilize as informa\u00e7\u00f5es dispon\u00edveis sobre seus clientes para atender melhor, fidelizar e obter sucesso em vendas. Consulte rapidamente quais foram as \u00faltimas vendas, observe padr\u00f5es e tend\u00eancias das compras de seus clientes.<br \/>\n<a href=\"http:\/\/www.rsys.com.br\/site\/?page_id=79\"><\/p>\n<div class=\"lesoli\">Solicite um Or\u00e7amento<\/div>\n<p><\/a><\/p>\n<\/div>\n\t\t<\/div><\/div><\/div><\/div><\/div><\/div><\/div><\/div><\/div><\/div><div id=\"pg-19-7\"  class=\"panel-grid panel-has-style\" ><div class=\"qdizem panel-row-style panel-row-style-for-19-7\" ><div id=\"pgc-19-7-0\"  class=\"panel-grid-cell\" ><div id=\"panel-19-7-0-0\" class=\"so-panel widget widget_sow-image panel-first-child panel-last-child\" data-index=\"12\" ><div\n\t\t\t\n\t\t\tclass=\"so-widget-sow-image so-widget-sow-image-default-d6014b76747a-19\"\n\t\t\t\n\t\t>\n\n<div class=\"sow-image-container\">\n\t\t<img src=\"https:\/\/www.rsys.com.br\/site\/wp-content\/uploads\/2017\/04\/lequote.png\" width=\"603\" height=\"343\" srcset=\"https:\/\/www.rsys.com.br\/site\/wp-content\/uploads\/2017\/04\/lequote.png 603w, https:\/\/www.rsys.com.br\/site\/wp-content\/uploads\/2017\/04\/lequote-300x171.png 300w, https:\/\/www.rsys.com.br\/site\/wp-content\/uploads\/2017\/04\/lequote-230x131.png 230w, https:\/\/www.rsys.com.br\/site\/wp-content\/uploads\/2017\/04\/lequote-350x199.png 350w, https:\/\/www.rsys.com.br\/site\/wp-content\/uploads\/2017\/04\/lequote-480x273.png 480w\" sizes=\"(max-width: 603px) 100vw, 603px\" alt=\"\" loading=\"lazy\" \t\tclass=\"so-widget-image\"\/>\n\t<\/div>\n\n<\/div><\/div><\/div><div id=\"pgc-19-7-1\"  class=\"panel-grid-cell\" ><div id=\"panel-19-7-1-0\" class=\"so-panel widget widget_text panel-first-child panel-last-child\" data-index=\"13\" >\t\t\t<div class=\"textwidget\"><p>\u201cA solu\u00e7\u00e3o da Rsys est\u00e1 sendo a ferramenta ideal para nossa empresa, facilitando o trabalho no dia a dia, ajustando-se as nossas necessidades, com um excelente atendimento e grande efic\u00e1cia na resolu\u00e7\u00e3o dos problemas. Recomendo sua utiliza\u00e7\u00e3o, \u00e9 muito bom.\u201d<br \/>\n<span><strong>Talita Medeiros Daniel Jardim, <\/strong>\u00a0Respons\u00e1vel de TI Conservas Ouro Verde<\/span><\/p>\n<p>\u201cO m\u00f3dulo implantado pela Rsys, onde \u00e9 poss\u00edvel efetuar a armazenagem do arquivo XML e efetuar a manifesta\u00e7\u00e3o do destinat\u00e1rio \u00e9 uma das ferramentas importantes que est\u00e1vamos precisando e, em contato com a Rsys, foi solicitada e confirmada a necessidade. At\u00e9 o momento estamos muito satisfeitos por esse progresso, e estaremos juntos utilizando e analisando a ferramenta, para que possamos trocar informa\u00e7\u00f5es, afim de contribuir para o crescimento e o desenvolvimento do sistema.\u201d<br \/>\n<span><strong>Caroline Silva,\u00a0Departamento Fiscal <\/strong>-\u00a0Pat Paulic\u00e9ia<\/span><\/p>\n<\/div>\n\t\t<\/div><\/div><\/div><\/div><div id=\"pg-19-8\"  class=\"panel-grid panel-has-style\" ><div class=\"sobre siteorigin-panels-stretch panel-row-style panel-row-style-for-19-8\" id=\"sobre\" data-stretch-type=\"full\" ><div id=\"pgc-19-8-0\"  class=\"panel-grid-cell\" ><div id=\"panel-19-8-0-0\" class=\"so-panel widget widget_siteorigin-panels-builder panel-first-child panel-last-child\" data-index=\"14\" ><div id=\"pl-w65247d18c0207\"  class=\"panel-layout\" ><div id=\"pg-w65247d18c0207-0\"  class=\"panel-grid panel-has-style\" ><div class=\"subsobre1 letito panel-row-style panel-row-style-for-w65247d18c0207-0\" ><div id=\"pgc-w65247d18c0207-0-0\"  class=\"panel-grid-cell\" ><div id=\"panel-w65247d18c0207-0-0-0\" class=\"so-panel widget widget_text panel-first-child panel-last-child\" data-index=\"0\" ><div class=\"sobre1 panel-widget-style panel-widget-style-for-w65247d18c0207-0-0-0\" ><h3 class=\"widget-title\">Sobre o Rsys<\/h3>\t\t\t<div class=\"textwidget\">O RSYS permite \u00e0 sua  empresa planejar e alcan\u00e7ar os objetivos de maneira segura e os resultados s\u00e3o alcan\u00e7ados a partir de um trip\u00e9 para o melhor gerenciamento de <strong>processos, tecnologia e pessoas<\/strong>, levando a empresa aos seus objetivos.<\/div>\n\t\t<\/div><\/div><\/div><\/div><\/div><div id=\"pg-w65247d18c0207-1\"  class=\"panel-grid panel-has-style\" ><div class=\"sobreminis panel-row-style panel-row-style-for-w65247d18c0207-1\" ><div id=\"pgc-w65247d18c0207-1-0\"  class=\"panel-grid-cell\" ><div id=\"panel-w65247d18c0207-1-0-0\" class=\"so-panel widget widget_text panel-first-child panel-last-child\" data-index=\"1\" ><h3 class=\"widget-title\">Processos<\/h3>\t\t\t<div class=\"textwidget\"><p>A gest\u00e3o de processos \u00e9 a estrada que direciona a empresa ao seu destino, para alcan\u00e7ar os objetivos estabelecidos.<\/p>\n<\/div>\n\t\t<\/div><\/div><div id=\"pgc-w65247d18c0207-1-1\"  class=\"panel-grid-cell\" ><div id=\"panel-w65247d18c0207-1-1-0\" class=\"so-panel widget widget_text panel-first-child panel-last-child\" data-index=\"2\" ><h3 class=\"widget-title\">Tecnologia<\/h3>\t\t\t<div class=\"textwidget\"><p>A gest\u00e3o da tecnologia \u00e9 o ve\u00edculo que ir\u00e1 conduzir a empresa, de forma r\u00e1pida e segura, pela estrada criada pela gest\u00e3o de processos. <\/p>\n<\/div>\n\t\t<\/div><\/div><div id=\"pgc-w65247d18c0207-1-2\"  class=\"panel-grid-cell\" ><div id=\"panel-w65247d18c0207-1-2-0\" class=\"so-panel widget widget_text panel-first-child panel-last-child\" data-index=\"3\" ><h3 class=\"widget-title\">Pessoas<\/h3>\t\t\t<div class=\"textwidget\"><p>A gest\u00e3o de pessoas seleciona e capacita os colaboradores para operarem as ferramentas tecnol\u00f3gicas, alcan\u00e7ando assim, os objetivos definidos.<\/p>\n<\/div>\n\t\t<\/div><\/div><\/div><\/div><div id=\"pg-w65247d18c0207-2\"  class=\"panel-grid panel-has-style\" ><div class=\"subsobre3 letito panel-row-style panel-row-style-for-w65247d18c0207-2\" ><div id=\"pgc-w65247d18c0207-2-0\"  class=\"panel-grid-cell\" ><div id=\"panel-w65247d18c0207-2-0-0\" class=\"so-panel widget widget_text panel-first-child panel-last-child\" data-index=\"4\" ><div class=\"sobre1 panel-widget-style panel-widget-style-for-w65247d18c0207-2-0-0\" ><h3 class=\"widget-title\">Hist\u00f3ria<\/h3>\t\t\t<div class=\"textwidget\"><div id=\"metaslider-id-60\" style=\"width: 100%;\" class=\"ml-slider-3-28-3 metaslider metaslider-flex metaslider-60 ml-slider nav-hidden\">\n    <div id=\"metaslider_container_60\">\n        <div id=\"metaslider_60\">\n            <ul aria-live=\"polite\" class=\"slides\">\n                <li style=\"display: none; width: 100%;\" class=\"slide-63 ms-image\"><img src=\"https:\/\/www.rsys.com.br\/site\/wp-content\/uploads\/2017\/04\/time_01.png\" height=\"221\" width=\"326\" alt=\"\" class=\"slider-60 slide-63\" \/><\/li>\n                <li style=\"display: none; width: 100%;\" class=\"slide-64 ms-image\"><img src=\"https:\/\/www.rsys.com.br\/site\/wp-content\/uploads\/2017\/04\/time_02.png\" height=\"221\" width=\"326\" alt=\"\" class=\"slider-60 slide-64\" \/><\/li>\n            <\/ul>\n        <\/div>\n        \n    <\/div>\n<\/div><\/div>\n\t\t<\/div><\/div><\/div><\/div><\/div><\/div><\/div><\/div><\/div><\/div><\/div>","protected":false},"excerpt":{"rendered":"<p>Prezados clientes, para a abertura de novos chamados para o suporte, Clique aqui<\/p>\n","protected":false},"author":1,"featured_media":0,"parent":0,"menu_order":0,"comment_status":"closed","ping_status":"closed","template":"page-templates\/full-width.php","meta":{"_bbp_topic_count":0,"_bbp_reply_count":0,"_bbp_total_topic_count":0,"_bbp_total_reply_count":0,"_bbp_voice_count":0,"_bbp_anonymous_reply_count":0,"_bbp_topic_count_hidden":0,"_bbp_reply_count_hidden":0,"_bbp_forum_subforum_count":0},"_links":{"self":[{"href":"https:\/\/www.rsys.com.br\/site\/index.php?rest_route=\/wp\/v2\/pages\/19"}],"collection":[{"href":"https:\/\/www.rsys.com.br\/site\/index.php?rest_route=\/wp\/v2\/pages"}],"about":[{"href":"https:\/\/www.rsys.com.br\/site\/index.php?rest_route=\/wp\/v2\/types\/page"}],"author":[{"embeddable":true,"href":"https:\/\/www.rsys.com.br\/site\/index.php?rest_route=\/wp\/v2\/users\/1"}],"replies":[{"embeddable":true,"href":"https:\/\/www.rsys.com.br\/site\/index.php?rest_route=%2Fwp%2Fv2%2Fcomments&post=19"}],"version-history":[{"count":39,"href":"https:\/\/www.rsys.com.br\/site\/index.php?rest_route=\/wp\/v2\/pages\/19\/revisions"}],"predecessor-version":[{"id":1221,"href":"https:\/\/www.rsys.com.br\/site\/index.php?rest_route=\/wp\/v2\/pages\/19\/revisions\/1221"}],"wp:attachment":[{"href":"https:\/\/www.rsys.com.br\/site\/index.php?rest_route=%2Fwp%2Fv2%2Fmedia&parent=19"}],"curies":[{"name":"wp","href":"https:\/\/api.w.org\/{rel}","templated":true}]}}